{"id":1,"date":"2019-09-05T08:43:56","date_gmt":"2019-09-05T08:43:56","guid":{"rendered":"http:\/\/www.assistance-city-drop.com\/?p=1"},"modified":"2023-10-26T14:14:59","modified_gmt":"2023-10-26T14:14:59","slug":"home","status":"publish","type":"page","link":"https:\/\/www.assistance-city-drop.com\/","title":{"rendered":"Home"},"content":{"rendered":"<h1><a href=\"\/wp-content\/uploads\/2023\/02\/Logo-web-connecte-grand-format-2-2-1.png\">ASSISTANCE<\/a><\/h1>\n<p><img decoding=\"async\" src=\"\/wp-content\/uploads\/2023\/02\/Logo-web-connecte-grand-format-2-2.png\" alt=\"\"><\/p>\n<div>\n<h2 style=\"text-align: center;\"><strong>\u00a0<\/strong><\/h2>\n<h2 style=\"text-align: center;\"><strong>ASSISTANCE 24h\/24 ET 7j\/7<\/strong><\/h2>\n<\/div>\n<hr>\n<div>\n<p style=\"text-align: center;\">SUITE A UNE PANNE MECANIQUE OU A UN ACCIDENT MERCI DE CONTACTER LE SERVICE CLIENT\u00a0 :<\/p>\n<p style=\"text-align: center;\">+33 1 55 49 00 40<\/p>\n<p style=\"text-align: center;\">(Lundi &#8211; Vendredi 8:00-22:00, Samedi 8:00-20:00)<\/p>\n<p>En dehors des heures d&rsquo;ouverture, rdv dans votre espace client en ligne. Dans les d\u00e9tails de votre r\u00e9servation rubrique Documents du v\u00e9hicule, retrouvez le n\u00b0 d&rsquo;Assistance.<\/p>\n<p style=\"text-align: center;\">DANS LE CAS OU UN ACCIDENT AVEC UN TIERS IDENTIFIE ETAIT SURVENU <br \/>ET AFIN DE REMPLIR UN CONSTAT AMIABLE CONFORME MERCI DE\u00a0 TELECHARGER L&rsquo;APPLICATION E-CONSTAT.<\/p>\n<h5><\/h5>\n<\/div>\n<p>\n    <a href=\"\">04.81.92.36.50.<\/a>\n<\/p>\n<p><img decoding=\"async\" src=\"\/wp-content\/uploads\/yootheme\/background-square-02.png\" alt=\"\"><br \/>\n<a href=\"https:\/\/apps.apple.com\/fr\/app\/e-constat-auto\/id929638366\"><img decoding=\"async\" src=\"\/wp-content\/uploads\/2023\/02\/Available_on_the_App_Store_black.png\" alt=\"\"><\/a><br \/>\n<a href=\"https:\/\/play.google.com\/store\/apps\/details?id=com.darva.econstat\"><img decoding=\"async\" src=\"\/wp-content\/uploads\/2023\/02\/googleplay.png\" alt=\"\"><\/a><\/p>\n<hr>\n<p>[warning]<\/p>\n<div>\n<\/p>\n<\/p>\n<p style=\"text-align: center;\">Dans le cas o\u00f9 la panne est survenue suite \u00e0 une non remise \u00e0 niveau du carburant, liquide AdBlue, une erreur\u00a0de carburant ou \u00e0 une crevaison, nous vous informons que tous les frais li\u00e9s au d\u00e9pannage et aux \u00e9ventuelles r\u00e9parations vous seront imput\u00e9s.<\/p>\n<p style=\"text-align: center;\">\n<\/div>\n<hr>\n<ul>\n<li>\n<\/li>\n<li>\n<p>        <img decoding=\"async\" src=\"\/wp-content\/uploads\/2023\/02\/logo-appli-512x512-1.png\" alt=\"\"><\/p>\n<h3>CONTACT<\/h3>\n<div>\n<p><span>Notre support client est \u00e0 votre disposition du lundi au vendredi de 8h \u00e0 22h, le samedi de 8h \u00e0 20h et le dimanche de 9h \u00e0 18h (uniquement par mail)<br \/><\/span><br \/><span>\ud83d\udce7<\/span><a href=\"mailto:contact@city-drop.com\">contact@city-drop.com<\/a><br \/><span>\ud83d\udcde\u00a0<\/span><a href=\"tel:+33155490040\">01.55.49.00.40<\/a><span>\u00a0<\/span><\/p>\n<\/div>\n<\/li>\n<li>\n<p>        <img decoding=\"async\" src=\"\/wp-content\/uploads\/2023\/02\/index.png\" alt=\"\"><\/p>\n<h3>OBJETS OUBLIES<\/h3>\n<div>\n<p>Les objets oubli\u00e9s ne peuvent \u00eatre r\u00e9cup\u00e9r\u00e9s qu&rsquo;apr\u00e8s r\u00e9ouverture du v\u00e9hicule par notre support client durant les heures ouvr\u00e9es.<\/p>\n<p>Les objets oubli\u00e9s seront envoy\u00e9s par la poste \u00e0 l&rsquo;adresse indiqu\u00e9e sur les documents fournis lors de votre r\u00e9servation, les frais d&rsquo;envois seront \u00e0 la charge du client.<\/p>\n<\/div>\n<\/li>\n<\/ul>\n<p><!--more--><br \/>\n<!-- {\"type\":\"layout\",\"children\":[{\"type\":\"section\",\"props\":{\"animation\":\"slide-bottom-medium\",\"animation_delay\":\"100\",\"header_transparent\":\"dark\",\"image_position\":\"center-center\",\"padding\":\"large\",\"padding_remove_bottom\":true,\"style\":\"default\",\"title_breakpoint\":\"xl\",\"title_position\":\"top-left\",\"title_rotation\":\"left\",\"vertical_align\":\"middle\",\"width\":\"small\"},\"children\":[{\"type\":\"row\",\"children\":[{\"type\":\"column\",\"props\":{\"image_position\":\"center-center\",\"media_overlay_gradient\":\"\",\"position_sticky_breakpoint\":\"m\"},\"children\":[{\"type\":\"headline\",\"props\":{\"block_align\":\"center\",\"content\":\"ASSISTANCE\",\"link\":\"wp-content\\\/uploads\\\/2023\\\/02\\\/Logo-web-connecte-grand-format-2-2-1.png\",\"position\":\"relative\",\"position_z_index\":\"3\",\"text_align\":\"center\",\"title_element\":\"h1\",\"title_style\":\"heading-medium\"}},{\"type\":\"image\",\"props\":{\"attributes\":\"\",\"container_padding_remove\":false,\"image\":\"wp-content\\\/uploads\\\/2023\\\/02\\\/Logo-web-connecte-grand-format-2-2.png\",\"image_box_decoration\":\"shadow\",\"image_svg_color\":\"emphasis\",\"margin\":\"default\"}},{\"type\":\"text\",\"props\":{\"column_breakpoint\":\"m\",\"content\":\"\n\n<h2 style=\\\"text-align: center;\\\"><strong>\\u00a0<\\\/strong><\\\/h2>\\n\n\n<h2 style=\\\"text-align: center;\\\"><strong>ASSISTANCE 24h\\\/24 ET 7j\\\/7<\\\/strong><\\\/h2>\",\"margin\":\"default\"}},{\"type\":\"divider\",\"props\":{\"divider_element\":\"hr\"}},{\"type\":\"text\",\"props\":{\"column_breakpoint\":\"m\",\"content\":\"\n\n<p style=\\\"text-align: center;\\\">SUITE A UNE PANNE MECANIQUE OU A UN ACCIDENT MERCI DE CONTACTER LE SERVICE CLIENT\\u00a0 :<\\\/p>\\n\n\n<p style=\\\"text-align: center;\\\">+33 1 55 49 00 40<\\\/p>\\n\n\n<p style=\\\"text-align: center;\\\">(Lundi - Vendredi 8:00-22:00, Samedi 8:00-20:00)<\\\/p>\\n\n\n<p>En dehors des heures d'ouverture, rdv dans votre espace client en ligne. Dans les d\\u00e9tails de votre r\\u00e9servation rubrique Documents du v\\u00e9hicule, retrouvez le n\\u00b0 d'Assistance.<\\\/p>\\n\n\n<p style=\\\"text-align: center;\\\">DANS LE CAS OU UN ACCIDENT AVEC UN TIERS IDENTIFIE ETAIT SURVENU <br \\\/>ET AFIN DE REMPLIR UN CONSTAT AMIABLE CONFORME MERCI DE\\u00a0 TELECHARGER L'APPLICATION E-CONSTAT.<\\\/p>\\n\n\n<h5><\\\/h5>\",\"margin\":\"default\",\"text_color\":\"muted\"}},{\"type\":\"button\",\"props\":{\"grid_column_gap\":\"small\",\"grid_row_gap\":\"small\",\"margin\":\"default\"},\"children\":[{\"type\":\"button_item\",\"props\":{\"button_style\":\"default\",\"content\":\"04.81.92.36.50.\",\"icon\":\"receiver\",\"icon_align\":\"left\",\"link_title\":\"04.81.92.36.50.\"}}]},{\"type\":\"image\",\"props\":{\"image\":\"wp-content\\\/uploads\\\/yootheme\\\/background-square-02.png\",\"image_loading\":true,\"image_svg_color\":\"emphasis\",\"image_width\":\"800\",\"margin\":\"default\",\"position\":\"absolute\",\"position_left\":\"-47vw\",\"position_top\":\"-30vh\",\"position_z_index\":\"0\",\"visibility\":\"m\"}}]}]},{\"type\":\"row\",\"children\":[{\"type\":\"column\",\"props\":{\"image_position\":\"center-center\",\"media_overlay_gradient\":\"\",\"position_sticky_breakpoint\":\"m\",\"width_medium\":\"1-2\"},\"children\":[{\"type\":\"image\",\"props\":{\"image\":\"wp-content\\\/uploads\\\/2023\\\/02\\\/Available_on_the_App_Store_black.png\",\"image_svg_color\":\"emphasis\",\"link\":\"https:\\\/\\\/apps.apple.com\\\/fr\\\/app\\\/e-constat-auto\\\/id929638366\",\"margin\":\"default\",\"position\":\"absolute\",\"position_left\":\"-10\",\"position_top\":\"20\",\"text_align\":\"center\"}}]},{\"type\":\"column\",\"props\":{\"image_position\":\"center-center\",\"media_overlay_gradient\":\"\",\"position_sticky_breakpoint\":\"m\",\"width_medium\":\"1-2\"},\"children\":[{\"type\":\"image\",\"props\":{\"image\":\"wp-content\\\/uploads\\\/2023\\\/02\\\/googleplay.png\",\"image_svg_color\":\"emphasis\",\"image_width\":\"200\",\"link\":\"https:\\\/\\\/play.google.com\\\/store\\\/apps\\\/details?id=com.darva.econstat\",\"margin\":\"default\",\"position\":\"absolute\",\"position_right\":\"10\",\"position_top\":\"-60\",\"text_align\":\"center\"}}]}],\"props\":{\"layout\":\"1-2,1-2\",\"margin\":\"small\",\"width\":\"xsmall\"}},{\"type\":\"row\",\"children\":[{\"type\":\"column\",\"props\":{\"image_position\":\"center-center\",\"media_overlay_gradient\":\"\",\"position_sticky_breakpoint\":\"m\"},\"children\":[{\"type\":\"divider\",\"props\":{\"divider_element\":\"hr\",\"position\":\"relative\",\"position_bottom\":\"-60\"}},{\"type\":\"icon\",\"props\":{\"icon\":\"warning\",\"icon_color\":\"muted\",\"icon_width\":60,\"margin\":\"default\",\"position\":\"relative\",\"position_bottom\":\"-40\",\"text_align\":\"center\"}},{\"type\":\"text\",\"props\":{\"column_breakpoint\":\"m\",\"content\":\"\n\n<p><\\\/p>\\n\n\n<p><\\\/p>\\n\n\n<p><\\\/p>\\n\n\n<p><\\\/p>\\n\n\n<p><\\\/p>\\n\n\n<p style=\\\"text-align: center;\\\">Dans le cas o\\u00f9 la panne est survenue suite \\u00e0 une non remise \\u00e0 niveau du carburant, liquide AdBlue, une erreur\\u00a0de carburant ou \\u00e0 une crevaison, nous vous informons que tous les frais li\\u00e9s au d\\u00e9pannage et aux \\u00e9ventuelles r\\u00e9parations vous seront imput\\u00e9s.<\\\/p>\\n\n\n<p style=\\\"text-align: center;\\\"><\\\/p>\",\"margin\":\"default\",\"text_color\":\"primary\"}},{\"type\":\"divider\",\"props\":{\"divider_element\":\"hr\",\"position\":\"relative\",\"position_bottom\":\"-20\"}}]}]}],\"name\":\"Hero\"},{\"type\":\"section\",\"props\":{\"image_position\":\"center-center\",\"padding\":\"large\",\"padding_remove_bottom\":true,\"style\":\"default\",\"title_breakpoint\":\"xl\",\"title_position\":\"top-left\",\"title_rotation\":\"left\",\"vertical_align\":\"middle\",\"width\":\"xlarge\"},\"children\":[{\"type\":\"row\",\"children\":[{\"type\":\"column\",\"props\":{\"image_position\":\"center-center\",\"media_overlay_gradient\":\"\",\"position_sticky_breakpoint\":\"m\"},\"children\":[{\"type\":\"grid\",\"props\":{\"content_column_breakpoint\":\"m\",\"filter_align\":\"left\",\"filter_all\":true,\"filter_grid_breakpoint\":\"m\",\"filter_grid_width\":\"auto\",\"filter_position\":\"top\",\"filter_style\":\"tab\",\"grid_column_gap\":\"large\",\"grid_default\":\"1\",\"grid_medium\":\"3\",\"icon_width\":80,\"image_align\":\"top\",\"image_grid_breakpoint\":\"m\",\"image_grid_width\":\"1-2\",\"image_height\":\"175\",\"image_svg_color\":\"emphasis\",\"item_animation\":true,\"link_style\":\"default\",\"link_target\":true,\"link_text\":\"Read more\",\"margin\":\"default\",\"meta_align\":\"below-title\",\"meta_element\":\"div\",\"meta_style\":\"text-meta\",\"panel_padding\":\"default\",\"show_content\":true,\"show_image\":true,\"show_link\":true,\"show_meta\":true,\"show_title\":true,\"text_align\":\"center\",\"title_align\":\"top\",\"title_element\":\"h3\",\"title_grid_breakpoint\":\"m\",\"title_grid_width\":\"1-2\",\"title_hover_style\":\"reset\"},\"children\":[{\"type\":\"grid_item\",\"props\":{\"image\":\"\"}},{\"type\":\"grid_item\",\"props\":{\"content\":\"\n\n<p><span>Notre support client est \\u00e0 votre disposition du lundi au vendredi de 8h \\u00e0 22h, le samedi de 8h \\u00e0 20h et le dimanche de 9h \\u00e0 18h (uniquement par mail)<br \\\/><\\\/span><br \\\/><span>\\ud83d\\udce7<\\\/span><a href=\\\"mailto:contact@city-drop.com\\\">contact@city-drop.com<\\\/a><br \\\/><span>\\ud83d\\udcde\\u00a0<\\\/span><a href=\\\"tel:+33155490040\\\">01.55.49.00.40<\\\/a><span>\\u00a0<\\\/span><\\\/p>\",\"image\":\"wp-content\\\/uploads\\\/2023\\\/02\\\/logo-appli-512x512-1.png\",\"panel_style\":\"card-default\",\"title\":\"CONTACT\"}},{\"type\":\"grid_item\",\"props\":{\"content\":\"\n\n<p>Les objets oubli\\u00e9s ne peuvent \\u00eatre r\\u00e9cup\\u00e9r\\u00e9s qu'apr\\u00e8s r\\u00e9ouverture du v\\u00e9hicule par notre support client durant les heures ouvr\\u00e9es.<\\\/p>\\n\n\n<p>Les objets oubli\\u00e9s seront envoy\\u00e9s par la poste \\u00e0 l'adresse indiqu\\u00e9e sur les documents fournis lors de votre r\\u00e9servation, les frais d'envois seront \\u00e0 la charge du client.<\\\/p>\",\"image\":\"wp-content\\\/uploads\\\/2023\\\/02\\\/index.png\",\"panel_style\":\"card-default\",\"title\":\"OBJETS OUBLIES\"}}]}]}],\"props\":{\"width\":\"large\"}}],\"name\":\"Clients\"}],\"version\":\"3.0.23\"} --><\/p>\n","protected":false},"excerpt":{"rendered":"<p>ASSISTANCE \u00a0 ASSISTANCE 24h\/24 ET 7j\/7 SUITE A UNE PANNE MECANIQUE OU A UN ACCIDENT MERCI DE CONTACTER LE SERVICE CLIENT\u00a0 : +33 1 55 49 00 40 (Lundi &#8211; Vendredi 8:00-22:00, Samedi 8:00-20:00) En dehors des heures d&rsquo;ouverture, rdv dans votre espace client en ligne. Dans les d\u00e9tails de votre r\u00e9servation rubrique Documents du [&hellip;]<\/p>\n","protected":false},"author":1,"featured_media":0,"parent":0,"menu_order":6,"comment_status":"open","ping_status":"open","template":"","meta":{"footnotes":""},"class_list":["post-1","page","type-page","status-publish","hentry"],"acf":[],"_links":{"self":[{"href":"https:\/\/www.assistance-city-drop.com\/index.php?rest_route=\/wp\/v2\/pages\/1","targetHints":{"allow":["GET"]}}],"collection":[{"href":"https:\/\/www.assistance-city-drop.com\/index.php?rest_route=\/wp\/v2\/pages"}],"about":[{"href":"https:\/\/www.assistance-city-drop.com\/index.php?rest_route=\/wp\/v2\/types\/page"}],"author":[{"embeddable":true,"href":"https:\/\/www.assistance-city-drop.com\/index.php?rest_route=\/wp\/v2\/users\/1"}],"replies":[{"embeddable":true,"href":"https:\/\/www.assistance-city-drop.com\/index.php?rest_route=%2Fwp%2Fv2%2Fcomments&post=1"}],"version-history":[{"count":66,"href":"https:\/\/www.assistance-city-drop.com\/index.php?rest_route=\/wp\/v2\/pages\/1\/revisions"}],"predecessor-version":[{"id":1342,"href":"https:\/\/www.assistance-city-drop.com\/index.php?rest_route=\/wp\/v2\/pages\/1\/revisions\/1342"}],"wp:attachment":[{"href":"https:\/\/www.assistance-city-drop.com\/index.php?rest_route=%2Fwp%2Fv2%2Fmedia&parent=1"}],"curies":[{"name":"wp","href":"https:\/\/api.w.org\/{rel}","templated":true}]}}